{"id":1170,"date":"2024-02-01T14:44:14","date_gmt":"2024-02-01T17:44:14","guid":{"rendered":"https:\/\/cruxti.com.br\/?post_type=product&#038;p=1170"},"modified":"2024-02-01T14:44:40","modified_gmt":"2024-02-01T17:44:40","slug":"plano-silver-assinatura-mensal-plano-anual","status":"publish","type":"product","link":"https:\/\/cruxti.com.br\/?product=plano-silver-assinatura-mensal-plano-anual","title":{"rendered":"Plano Silver &#8211; Assinatura Mensal &#8211; Plano Anual"},"content":{"rendered":"<p>Ideal para pequenos empreendimentos e startups que est\u00e3o dando os primeiros passos na presen\u00e7a online, o Pacote Silver oferece um equil\u00edbrio perfeito entre custo e benef\u00edcio. Com este pacote, voc\u00ea pode trazer \u00e0 realidade um projeto de site ou sistema, com a seguran\u00e7a\u00a0 de pr\u00e9-visualiza\u00e7\u00e3o do prot\u00f3tipo. Voc\u00ea tamb\u00e9m receber\u00e1 relat\u00f3rios mensais para acompanhar o progresso e desempenho do seu projeto, e poder\u00e1 contar com nosso suporte t\u00e9cnico dispon\u00edvel 5 dias por semana, em hor\u00e1rio comercial (8 horas por dia), para resolver quaisquer d\u00favidas ou problemas que possam surgir.<\/p>\n","protected":false},"excerpt":{"rendered":"<p>Ideal para pequenos empreendimentos e startups que est\u00e3o dando os primeiros passos na presen\u00e7a online, o Pacote Silver oferece um equil\u00edbrio perfeito entre custo e benef\u00edcio. Com este pacote, voc\u00ea pode trazer \u00e0 realidade um projeto de site ou sistema, com a seguran\u00e7a\u00a0 de pr\u00e9-visualiza\u00e7\u00e3o do prot\u00f3tipo. Voc\u00ea tamb\u00e9m receber\u00e1 relat\u00f3rios mensais para acompanhar o [&hellip;]<\/p>\n","protected":false},"featured_media":0,"comment_status":"open","ping_status":"closed","template":"","meta":[],"product_cat":[15,28],"product_tag":[],"class_list":{"0":"post-1170","1":"product","2":"type-product","3":"status-publish","5":"product_cat-uncategorized","6":"product_cat-sites","8":"first","9":"instock","10":"taxable","11":"shipping-taxable","12":"purchasable","13":"product-type-simple"},"_links":{"self":[{"href":"https:\/\/cruxti.com.br\/index.php?rest_route=\/wp\/v2\/product\/1170","targetHints":{"allow":["GET"]}}],"collection":[{"href":"https:\/\/cruxti.com.br\/index.php?rest_route=\/wp\/v2\/product"}],"about":[{"href":"https:\/\/cruxti.com.br\/index.php?rest_route=\/wp\/v2\/types\/product"}],"replies":[{"embeddable":true,"href":"https:\/\/cruxti.com.br\/index.php?rest_route=%2Fwp%2Fv2%2Fcomments&post=1170"}],"wp:attachment":[{"href":"https:\/\/cruxti.com.br\/index.php?rest_route=%2Fwp%2Fv2%2Fmedia&parent=1170"}],"wp:term":[{"taxonomy":"product_cat","embeddable":true,"href":"https:\/\/cruxti.com.br\/index.php?rest_route=%2Fwp%2Fv2%2Fproduct_cat&post=1170"},{"taxonomy":"product_tag","embeddable":true,"href":"https:\/\/cruxti.com.br\/index.php?rest_route=%2Fwp%2Fv2%2Fproduct_tag&post=1170"}],"curies":[{"name":"wp","href":"https:\/\/api.w.org\/{rel}","templated":true}]}}